{"id":517,"date":"2016-02-07T09:12:14","date_gmt":"2016-02-07T09:12:14","guid":{"rendered":"https:\/\/mavacom.ee\/avaleht\/"},"modified":"2018-04-28T12:34:20","modified_gmt":"2018-04-28T10:34:20","slug":"avaleht","status":"publish","type":"page","link":"https:\/\/mavacom.ee\/fi\/","title":{"rendered":"Etusivu"},"content":{"rendered":"<p>[vc_row el_class=&#8221;tabs-section&#8221; css=&#8221;.vc_custom_1516126940196{padding-top: 0px !important;padding-right: 0px !important;padding-bottom: 0px !important;padding-left: 0px !important;}&#8221;][vc_column][vc_row_inner css=&#8221;.vc_custom_1516213178152{padding-top: 35px !important;padding-right: 35px !important;padding-bottom: 35px !important;padding-left: 35px !important;background-image: url(http:\/\/mavacom.ee\/wp-content\/uploads\/2018\/01\/mavacom-hero-bg.png?id=301) !important;background-position: center !important;background-repeat: no-repeat !important;background-size: cover !important;}&#8221;][vc_column_inner el_class=&#8221;index-intro&#8221;][vc_column_text]<\/p>\n<h1 style=\"line-height: 48px; margin: 25px 0; text-shadow: 1px 1px 2px #ffffff; color: #2b8cbc;\">L\u00e4hettipalvelu ja pakettikuljetus<\/h1>\n<p>Tarjoamme l\u00e4hettipalvelua ja pakettikuljetusta Virosta Suomeen ja Suomesta Viroon, toimitamme tilauksia my\u00f6s Latviaan ja Liettuaan.[\/vc_column_text][vc_btn title=&#8221;Tilaa l\u00e4hetti&#8221; style=&#8221;custom&#8221; custom_background=&#8221;#41abe0&#8243; custom_text=&#8221;#ffffff&#8221; shape=&#8221;round&#8221; size=&#8221;lg&#8221; align=&#8221;center&#8221; i_align=&#8221;right&#8221; i_icon_fontawesome=&#8221;fa fa-angle-double-right&#8221; add_icon=&#8221;true&#8221; link=&#8221;url:https%3A%2F%2Fmavacom.ee%2Ffi%2Flahetin-tilaaminen%2F|||&#8221; css=&#8221;.vc_custom_1524911656844{background-position: 0 0 !important;background-repeat: repeat !important;}&#8221; el_class=&#8221;cta-btn&#8221;][\/vc_column_inner][\/vc_row_inner][vc_row_inner el_class=&#8221;triangle-divider&#8221;][vc_column_inner][\/vc_column_inner][\/vc_row_inner][vc_row_inner css=&#8221;.vc_custom_1516127183373{padding-top: 0px !important;padding-right: 55px !important;padding-bottom: 0px !important;padding-left: 55px !important;background-color: #3a71c1 !important;}&#8221;][vc_column_inner el_class=&#8221;index-info&#8221; width=&#8221;2\/3&#8243;][vc_column_text]<\/p>\n<h2><span style=\"color: #ffffff;\">L\u00e4hettipalvelu ja pakettikuljetukset Suomeen<\/span><\/h2>\n<p style=\"font-size: 18px; margin-bottom: 35px;\"><span style=\"color: #ffffff;\">Olemme tarjonneet nopeaa ja luotettavaa pakettikuljetusta Suomeen yli kymmenen vuotta. Meihin voi ottaa yhteytt\u00e4 my\u00f6s muihin kuljetukseen liittyviss\u00e4 kysymyksiss\u00e4.<\/span><\/p>\n<ul>\n<li><span style=\"color: #ffffff;\">Varmistamme edullisen hinnan ja nopean \u2013 seuraavana p\u00e4iv\u00e4n\u00e4 perill\u00e4 \u2013 l\u00e4hettipalvelun.<\/span><\/li>\n<li><span style=\"color: #ffffff;\">L\u00e4hettipalvelua tarjotaan ja pakettikuljetus tapahtuu kaikkina arkip\u00e4ivin\u00e4. <\/span><\/li>\n<li><span style=\"color: #ffffff;\">L\u00e4hetti noutaa paketin sinulle sopivasta paikasta ja toimittaa sen sovittuun osoitteeseen sek\u00e4 Virossa ett\u00e4 Suomessa. Tarjoamme my\u00f6s l\u00e4hetyksesi kuljetusvakuutusmahdollisuutta, joka kattaa ennalta arvaamattomat kulut.<\/span><\/li>\n<\/ul>\n<p>[\/vc_column_text][\/vc_column_inner][vc_column_inner width=&#8221;1\/3&#8243; css=&#8221;.vc_custom_1519055101188{padding-bottom: 0px !important;}&#8221;][vc_single_image image=&#8221;398&#8243; img_size=&#8221;full&#8221; alignment=&#8221;center&#8221; style=&#8221;vc_box_border_circle_2&#8243; css_animation=&#8221;none&#8221; css=&#8221;.vc_custom_1519055135665{padding-bottom: 0px !important;}&#8221;][\/vc_column_inner][\/vc_row_inner][\/vc_column][\/vc_row]<\/p>\n","protected":false},"excerpt":{"rendered":"<p>[vc_row el_class=&#8221;tabs-section&#8221; css=&#8221;.vc_custom_1516126940196{padding-top: 0px !important;padding-right: 0px !important;padding-bottom: 0px !important;padding-left: 0px !important;}&#8221;][vc_column][vc_row_inner css=&#8221;.vc_custom_1516213178152{padding-top: 35px !important;padding-right: 35px !important;padding-bottom: 35px !important;padding-left: 35px !important;background-image: url(http:\/\/mavacom.ee\/wp-content\/uploads\/2018\/01\/mavacom-hero-bg.png?id=301) !important;background-position: center !important;background-repeat: no-repeat !important;background-size: cover !important;}&#8221;][vc_column_inner el_class=&#8221;index-intro&#8221;][vc_column_text] L\u00e4hettipalvelu&#8230;<\/p>\n","protected":false},"author":2,"featured_media":0,"parent":0,"menu_order":0,"comment_status":"closed","ping_status":"closed","template":"template_home.php","meta":{"footnotes":""},"yoast_head":"<!-- This site is optimized with the Yoast SEO plugin v23.5 - https:\/\/yoast.com\/wordpress\/plugins\/seo\/ -->\n<title>Mavacom - Kullerteenus ja pakivedu Eesti-Soome-Eesti igap\u00e4evaselt<\/title>\n<meta name=\"robots\" content=\"index, follow, max-snippet:-1, max-image-preview:large, max-video-preview:-1\" \/>\n<link rel=\"canonical\" href=\"https:\/\/mavacom.ee\/fi\/\" \/>\n<meta property=\"og:locale\" content=\"fi_FI\" \/>\n<meta property=\"og:type\" content=\"article\" \/>\n<meta property=\"og:title\" content=\"Mavacom - Kullerteenus ja pakivedu Eesti-Soome-Eesti igap\u00e4evaselt\" \/>\n<meta property=\"og:description\" content=\"[vc_row el_class=&#8221;tabs-section&#8221; css=&#8221;.vc_custom_1516126940196{padding-top: 0px !important;padding-right: 0px !important;padding-bottom: 0px !important;padding-left: 0px !important;}&#8221;][vc_column][vc_row_inner css=&#8221;.vc_custom_1516213178152{padding-top: 35px !important;padding-right: 35px !important;padding-bottom: 35px !important;padding-left: 35px !important;background-image: url(http:\/\/mavacom.ee\/wp-content\/uploads\/2018\/01\/mavacom-hero-bg.png?id=301) !important;background-position: center !important;background-repeat: no-repeat !important;background-size: cover !important;}&#8221;][vc_column_inner el_class=&#8221;index-intro&#8221;][vc_column_text] L\u00e4hettipalvelu...\" \/>\n<meta property=\"og:url\" content=\"https:\/\/mavacom.ee\/fi\/\" \/>\n<meta property=\"og:site_name\" content=\"Mavacom\" \/>\n<meta property=\"article:modified_time\" content=\"2018-04-28T10:34:20+00:00\" \/>\n<meta name=\"twitter:card\" content=\"summary_large_image\" \/>\n<meta name=\"twitter:label1\" content=\"Arvioitu lukuaika\" \/>\n\t<meta name=\"twitter:data1\" content=\"2 minuuttia\" \/>\n<script type=\"application\/ld+json\" class=\"yoast-schema-graph\">{\"@context\":\"https:\/\/schema.org\",\"@graph\":[{\"@type\":\"WebPage\",\"@id\":\"https:\/\/mavacom.ee\/fi\/\",\"url\":\"https:\/\/mavacom.ee\/fi\/\",\"name\":\"Mavacom - Kullerteenus ja pakivedu Eesti-Soome-Eesti igap\u00e4evaselt\",\"isPartOf\":{\"@id\":\"https:\/\/mavacom.ee\/fi\/#website\"},\"datePublished\":\"2016-02-07T09:12:14+00:00\",\"dateModified\":\"2018-04-28T10:34:20+00:00\",\"breadcrumb\":{\"@id\":\"https:\/\/mavacom.ee\/fi\/#breadcrumb\"},\"inLanguage\":\"fi\",\"potentialAction\":[{\"@type\":\"ReadAction\",\"target\":[\"https:\/\/mavacom.ee\/fi\/\"]}]},{\"@type\":\"BreadcrumbList\",\"@id\":\"https:\/\/mavacom.ee\/fi\/#breadcrumb\",\"itemListElement\":[{\"@type\":\"ListItem\",\"position\":1,\"name\":\"Home\",\"item\":\"https:\/\/mavacom.ee\/fi\/\"},{\"@type\":\"ListItem\",\"position\":2,\"name\":\"Etusivu\"}]},{\"@type\":\"WebSite\",\"@id\":\"https:\/\/mavacom.ee\/fi\/#website\",\"url\":\"https:\/\/mavacom.ee\/fi\/\",\"name\":\"Mavacom\",\"description\":\"Kuller- ja veoteenused Tallinn-Helsingi-Tallinn\",\"publisher\":{\"@id\":\"https:\/\/mavacom.ee\/fi\/#organization\"},\"potentialAction\":[{\"@type\":\"SearchAction\",\"target\":{\"@type\":\"EntryPoint\",\"urlTemplate\":\"https:\/\/mavacom.ee\/fi\/?s={search_term_string}\"},\"query-input\":{\"@type\":\"PropertyValueSpecification\",\"valueRequired\":true,\"valueName\":\"search_term_string\"}}],\"inLanguage\":\"fi\"},{\"@type\":\"Organization\",\"@id\":\"https:\/\/mavacom.ee\/fi\/#organization\",\"name\":\"Mavacom O\u00dc\",\"url\":\"https:\/\/mavacom.ee\/fi\/\",\"logo\":{\"@type\":\"ImageObject\",\"inLanguage\":\"fi\",\"@id\":\"https:\/\/mavacom.ee\/fi\/#\/schema\/logo\/image\/\",\"url\":\"http:\/\/mavacom.ee\/wp-content\/uploads\/2017\/11\/mavacom-logo.png\",\"contentUrl\":\"http:\/\/mavacom.ee\/wp-content\/uploads\/2017\/11\/mavacom-logo.png\",\"width\":308,\"height\":75,\"caption\":\"Mavacom O\u00dc\"},\"image\":{\"@id\":\"https:\/\/mavacom.ee\/fi\/#\/schema\/logo\/image\/\"}}]}<\/script>\n<!-- \/ Yoast SEO plugin. -->","yoast_head_json":{"title":"Mavacom - Kullerteenus ja pakivedu Eesti-Soome-Eesti igap\u00e4evaselt","robots":{"index":"index","follow":"follow","max-snippet":"max-snippet:-1","max-image-preview":"max-image-preview:large","max-video-preview":"max-video-preview:-1"},"canonical":"https:\/\/mavacom.ee\/fi\/","og_locale":"fi_FI","og_type":"article","og_title":"Mavacom - Kullerteenus ja pakivedu Eesti-Soome-Eesti igap\u00e4evaselt","og_description":"[vc_row el_class=&#8221;tabs-section&#8221; css=&#8221;.vc_custom_1516126940196{padding-top: 0px !important;padding-right: 0px !important;padding-bottom: 0px !important;padding-left: 0px !important;}&#8221;][vc_column][vc_row_inner css=&#8221;.vc_custom_1516213178152{padding-top: 35px !important;padding-right: 35px !important;padding-bottom: 35px !important;padding-left: 35px !important;background-image: url(http:\/\/mavacom.ee\/wp-content\/uploads\/2018\/01\/mavacom-hero-bg.png?id=301) !important;background-position: center !important;background-repeat: no-repeat !important;background-size: cover !important;}&#8221;][vc_column_inner el_class=&#8221;index-intro&#8221;][vc_column_text] L\u00e4hettipalvelu...","og_url":"https:\/\/mavacom.ee\/fi\/","og_site_name":"Mavacom","article_modified_time":"2018-04-28T10:34:20+00:00","twitter_card":"summary_large_image","twitter_misc":{"Arvioitu lukuaika":"2 minuuttia"},"schema":{"@context":"https:\/\/schema.org","@graph":[{"@type":"WebPage","@id":"https:\/\/mavacom.ee\/fi\/","url":"https:\/\/mavacom.ee\/fi\/","name":"Mavacom - Kullerteenus ja pakivedu Eesti-Soome-Eesti igap\u00e4evaselt","isPartOf":{"@id":"https:\/\/mavacom.ee\/fi\/#website"},"datePublished":"2016-02-07T09:12:14+00:00","dateModified":"2018-04-28T10:34:20+00:00","breadcrumb":{"@id":"https:\/\/mavacom.ee\/fi\/#breadcrumb"},"inLanguage":"fi","potentialAction":[{"@type":"ReadAction","target":["https:\/\/mavacom.ee\/fi\/"]}]},{"@type":"BreadcrumbList","@id":"https:\/\/mavacom.ee\/fi\/#breadcrumb","itemListElement":[{"@type":"ListItem","position":1,"name":"Home","item":"https:\/\/mavacom.ee\/fi\/"},{"@type":"ListItem","position":2,"name":"Etusivu"}]},{"@type":"WebSite","@id":"https:\/\/mavacom.ee\/fi\/#website","url":"https:\/\/mavacom.ee\/fi\/","name":"Mavacom","description":"Kuller- ja veoteenused Tallinn-Helsingi-Tallinn","publisher":{"@id":"https:\/\/mavacom.ee\/fi\/#organization"},"potentialAction":[{"@type":"SearchAction","target":{"@type":"EntryPoint","urlTemplate":"https:\/\/mavacom.ee\/fi\/?s={search_term_string}"},"query-input":{"@type":"PropertyValueSpecification","valueRequired":true,"valueName":"search_term_string"}}],"inLanguage":"fi"},{"@type":"Organization","@id":"https:\/\/mavacom.ee\/fi\/#organization","name":"Mavacom O\u00dc","url":"https:\/\/mavacom.ee\/fi\/","logo":{"@type":"ImageObject","inLanguage":"fi","@id":"https:\/\/mavacom.ee\/fi\/#\/schema\/logo\/image\/","url":"http:\/\/mavacom.ee\/wp-content\/uploads\/2017\/11\/mavacom-logo.png","contentUrl":"http:\/\/mavacom.ee\/wp-content\/uploads\/2017\/11\/mavacom-logo.png","width":308,"height":75,"caption":"Mavacom O\u00dc"},"image":{"@id":"https:\/\/mavacom.ee\/fi\/#\/schema\/logo\/image\/"}}]}},"_links":{"self":[{"href":"https:\/\/mavacom.ee\/fi\/wp-json\/wp\/v2\/pages\/517"}],"collection":[{"href":"https:\/\/mavacom.ee\/fi\/wp-json\/wp\/v2\/pages"}],"about":[{"href":"https:\/\/mavacom.ee\/fi\/wp-json\/wp\/v2\/types\/page"}],"author":[{"embeddable":true,"href":"https:\/\/mavacom.ee\/fi\/wp-json\/wp\/v2\/users\/2"}],"replies":[{"embeddable":true,"href":"https:\/\/mavacom.ee\/fi\/wp-json\/wp\/v2\/comments?post=517"}],"version-history":[{"count":4,"href":"https:\/\/mavacom.ee\/fi\/wp-json\/wp\/v2\/pages\/517\/revisions"}],"predecessor-version":[{"id":622,"href":"https:\/\/mavacom.ee\/fi\/wp-json\/wp\/v2\/pages\/517\/revisions\/622"}],"wp:attachment":[{"href":"https:\/\/mavacom.ee\/fi\/wp-json\/wp\/v2\/media?parent=517"}],"curies":[{"name":"wp","href":"https:\/\/api.w.org\/{rel}","templated":true}]}}