{"id":514,"date":"2016-02-08T15:43:48","date_gmt":"2016-02-08T15:43:48","guid":{"rendered":"https:\/\/mavacom.ee\/ettevottest\/"},"modified":"2018-04-28T10:58:22","modified_gmt":"2018-04-28T08:58:22","slug":"yrityksesta","status":"publish","type":"page","link":"https:\/\/mavacom.ee\/fi\/yrityksesta\/","title":{"rendered":"Yrityksest\u00e4"},"content":{"rendered":"<p>[vc_row css=&#8221;.vc_custom_1513516336571{padding-top: 35px !important;padding-right: 35px !important;padding-bottom: 35px !important;padding-left: 35px !important;}&#8221;][vc_column][vc_column_text]Olemme tarjonneet nopeaa ja luotettavaa pakettikuljetusta Suomeen yli kymmenen vuotta. Meihin voi ottaa yhteytt\u00e4 my\u00f6s muihin kuljetukseen liittyviss\u00e4 kysymyksiss\u00e4.<\/p>\n<p>Asiakkainamme ovat sek\u00e4 yritykset ett\u00e4 yksityiset. Olemme toimineet kuljetusyhti\u00f6n\u00e4 vuodesta 2008 alkaen.[\/vc_column_text][\/vc_column][\/vc_row]<\/p>\n","protected":false},"excerpt":{"rendered":"<p>[vc_row css=&#8221;.vc_custom_1513516336571{padding-top: 35px !important;padding-right: 35px !important;padding-bottom: 35px !important;padding-left: 35px !important;}&#8221;][vc_column][vc_column_text]Olemme tarjonneet nopeaa ja luotettavaa pakettikuljetusta Suomeen yli kymmenen vuotta. Meihin voi ottaa yhteytt\u00e4 my\u00f6s muihin kuljetukseen liittyviss\u00e4 kysymyksiss\u00e4. Asiakkainamme ovat&#8230;<\/p>\n","protected":false},"author":2,"featured_media":0,"parent":0,"menu_order":0,"comment_status":"closed","ping_status":"closed","template":"template-page_fullwidth.php","meta":{"footnotes":""},"yoast_head":"<!-- This site is optimized with the Yoast SEO plugin v23.5 - https:\/\/yoast.com\/wordpress\/plugins\/seo\/ -->\n<title>Yrityksest\u00e4 &#8226; Mavacom<\/title>\n<meta name=\"robots\" content=\"index, follow, max-snippet:-1, max-image-preview:large, max-video-preview:-1\" \/>\n<link rel=\"canonical\" href=\"https:\/\/mavacom.ee\/fi\/yrityksesta\/\" \/>\n<meta property=\"og:locale\" content=\"fi_FI\" \/>\n<meta property=\"og:type\" content=\"article\" \/>\n<meta property=\"og:title\" content=\"Yrityksest\u00e4 &#8226; Mavacom\" \/>\n<meta property=\"og:description\" content=\"[vc_row css=&#8221;.vc_custom_1513516336571{padding-top: 35px !important;padding-right: 35px !important;padding-bottom: 35px !important;padding-left: 35px !important;}&#8221;][vc_column][vc_column_text]Olemme tarjonneet nopeaa ja luotettavaa pakettikuljetusta Suomeen yli kymmenen vuotta. Meihin voi ottaa yhteytt\u00e4 my\u00f6s muihin kuljetukseen liittyviss\u00e4 kysymyksiss\u00e4. Asiakkainamme ovat...\" \/>\n<meta property=\"og:url\" content=\"https:\/\/mavacom.ee\/fi\/yrityksesta\/\" \/>\n<meta property=\"og:site_name\" content=\"Mavacom\" \/>\n<meta property=\"article:modified_time\" content=\"2018-04-28T08:58:22+00:00\" \/>\n<meta name=\"twitter:card\" content=\"summary_large_image\" \/>\n<script type=\"application\/ld+json\" class=\"yoast-schema-graph\">{\"@context\":\"https:\/\/schema.org\",\"@graph\":[{\"@type\":\"WebPage\",\"@id\":\"https:\/\/mavacom.ee\/fi\/yrityksesta\/\",\"url\":\"https:\/\/mavacom.ee\/fi\/yrityksesta\/\",\"name\":\"Yrityksest\u00e4 &#8226; Mavacom\",\"isPartOf\":{\"@id\":\"https:\/\/mavacom.ee\/fi\/#website\"},\"datePublished\":\"2016-02-08T15:43:48+00:00\",\"dateModified\":\"2018-04-28T08:58:22+00:00\",\"breadcrumb\":{\"@id\":\"https:\/\/mavacom.ee\/fi\/yrityksesta\/#breadcrumb\"},\"inLanguage\":\"fi\",\"potentialAction\":[{\"@type\":\"ReadAction\",\"target\":[\"https:\/\/mavacom.ee\/fi\/yrityksesta\/\"]}]},{\"@type\":\"BreadcrumbList\",\"@id\":\"https:\/\/mavacom.ee\/fi\/yrityksesta\/#breadcrumb\",\"itemListElement\":[{\"@type\":\"ListItem\",\"position\":1,\"name\":\"Home\",\"item\":\"https:\/\/mavacom.ee\/fi\/\"},{\"@type\":\"ListItem\",\"position\":2,\"name\":\"Yrityksest\u00e4\"}]},{\"@type\":\"WebSite\",\"@id\":\"https:\/\/mavacom.ee\/fi\/#website\",\"url\":\"https:\/\/mavacom.ee\/fi\/\",\"name\":\"Mavacom\",\"description\":\"Kuller- ja veoteenused Tallinn-Helsingi-Tallinn\",\"publisher\":{\"@id\":\"https:\/\/mavacom.ee\/fi\/#organization\"},\"potentialAction\":[{\"@type\":\"SearchAction\",\"target\":{\"@type\":\"EntryPoint\",\"urlTemplate\":\"https:\/\/mavacom.ee\/fi\/?s={search_term_string}\"},\"query-input\":{\"@type\":\"PropertyValueSpecification\",\"valueRequired\":true,\"valueName\":\"search_term_string\"}}],\"inLanguage\":\"fi\"},{\"@type\":\"Organization\",\"@id\":\"https:\/\/mavacom.ee\/fi\/#organization\",\"name\":\"Mavacom O\u00dc\",\"url\":\"https:\/\/mavacom.ee\/fi\/\",\"logo\":{\"@type\":\"ImageObject\",\"inLanguage\":\"fi\",\"@id\":\"https:\/\/mavacom.ee\/fi\/#\/schema\/logo\/image\/\",\"url\":\"http:\/\/mavacom.ee\/wp-content\/uploads\/2017\/11\/mavacom-logo.png\",\"contentUrl\":\"http:\/\/mavacom.ee\/wp-content\/uploads\/2017\/11\/mavacom-logo.png\",\"width\":308,\"height\":75,\"caption\":\"Mavacom O\u00dc\"},\"image\":{\"@id\":\"https:\/\/mavacom.ee\/fi\/#\/schema\/logo\/image\/\"}}]}<\/script>\n<!-- \/ Yoast SEO plugin. -->","yoast_head_json":{"title":"Yrityksest\u00e4 &#8226; Mavacom","robots":{"index":"index","follow":"follow","max-snippet":"max-snippet:-1","max-image-preview":"max-image-preview:large","max-video-preview":"max-video-preview:-1"},"canonical":"https:\/\/mavacom.ee\/fi\/yrityksesta\/","og_locale":"fi_FI","og_type":"article","og_title":"Yrityksest\u00e4 &#8226; Mavacom","og_description":"[vc_row css=&#8221;.vc_custom_1513516336571{padding-top: 35px !important;padding-right: 35px !important;padding-bottom: 35px !important;padding-left: 35px !important;}&#8221;][vc_column][vc_column_text]Olemme tarjonneet nopeaa ja luotettavaa pakettikuljetusta Suomeen yli kymmenen vuotta. Meihin voi ottaa yhteytt\u00e4 my\u00f6s muihin kuljetukseen liittyviss\u00e4 kysymyksiss\u00e4. Asiakkainamme ovat...","og_url":"https:\/\/mavacom.ee\/fi\/yrityksesta\/","og_site_name":"Mavacom","article_modified_time":"2018-04-28T08:58:22+00:00","twitter_card":"summary_large_image","schema":{"@context":"https:\/\/schema.org","@graph":[{"@type":"WebPage","@id":"https:\/\/mavacom.ee\/fi\/yrityksesta\/","url":"https:\/\/mavacom.ee\/fi\/yrityksesta\/","name":"Yrityksest\u00e4 &#8226; Mavacom","isPartOf":{"@id":"https:\/\/mavacom.ee\/fi\/#website"},"datePublished":"2016-02-08T15:43:48+00:00","dateModified":"2018-04-28T08:58:22+00:00","breadcrumb":{"@id":"https:\/\/mavacom.ee\/fi\/yrityksesta\/#breadcrumb"},"inLanguage":"fi","potentialAction":[{"@type":"ReadAction","target":["https:\/\/mavacom.ee\/fi\/yrityksesta\/"]}]},{"@type":"BreadcrumbList","@id":"https:\/\/mavacom.ee\/fi\/yrityksesta\/#breadcrumb","itemListElement":[{"@type":"ListItem","position":1,"name":"Home","item":"https:\/\/mavacom.ee\/fi\/"},{"@type":"ListItem","position":2,"name":"Yrityksest\u00e4"}]},{"@type":"WebSite","@id":"https:\/\/mavacom.ee\/fi\/#website","url":"https:\/\/mavacom.ee\/fi\/","name":"Mavacom","description":"Kuller- ja veoteenused Tallinn-Helsingi-Tallinn","publisher":{"@id":"https:\/\/mavacom.ee\/fi\/#organization"},"potentialAction":[{"@type":"SearchAction","target":{"@type":"EntryPoint","urlTemplate":"https:\/\/mavacom.ee\/fi\/?s={search_term_string}"},"query-input":{"@type":"PropertyValueSpecification","valueRequired":true,"valueName":"search_term_string"}}],"inLanguage":"fi"},{"@type":"Organization","@id":"https:\/\/mavacom.ee\/fi\/#organization","name":"Mavacom O\u00dc","url":"https:\/\/mavacom.ee\/fi\/","logo":{"@type":"ImageObject","inLanguage":"fi","@id":"https:\/\/mavacom.ee\/fi\/#\/schema\/logo\/image\/","url":"http:\/\/mavacom.ee\/wp-content\/uploads\/2017\/11\/mavacom-logo.png","contentUrl":"http:\/\/mavacom.ee\/wp-content\/uploads\/2017\/11\/mavacom-logo.png","width":308,"height":75,"caption":"Mavacom O\u00dc"},"image":{"@id":"https:\/\/mavacom.ee\/fi\/#\/schema\/logo\/image\/"}}]}},"_links":{"self":[{"href":"https:\/\/mavacom.ee\/fi\/wp-json\/wp\/v2\/pages\/514"}],"collection":[{"href":"https:\/\/mavacom.ee\/fi\/wp-json\/wp\/v2\/pages"}],"about":[{"href":"https:\/\/mavacom.ee\/fi\/wp-json\/wp\/v2\/types\/page"}],"author":[{"embeddable":true,"href":"https:\/\/mavacom.ee\/fi\/wp-json\/wp\/v2\/users\/2"}],"replies":[{"embeddable":true,"href":"https:\/\/mavacom.ee\/fi\/wp-json\/wp\/v2\/comments?post=514"}],"version-history":[{"count":1,"href":"https:\/\/mavacom.ee\/fi\/wp-json\/wp\/v2\/pages\/514\/revisions"}],"predecessor-version":[{"id":579,"href":"https:\/\/mavacom.ee\/fi\/wp-json\/wp\/v2\/pages\/514\/revisions\/579"}],"wp:attachment":[{"href":"https:\/\/mavacom.ee\/fi\/wp-json\/wp\/v2\/media?parent=514"}],"curies":[{"name":"wp","href":"https:\/\/api.w.org\/{rel}","templated":true}]}}