{"id":501,"date":"2016-02-09T02:50:19","date_gmt":"2016-02-09T02:50:19","guid":{"rendered":"https:\/\/mavacom.ee\/tallinna-kuller\/"},"modified":"2018-04-28T12:38:51","modified_gmt":"2018-04-28T10:38:51","slug":"tallinnan-lahetti","status":"publish","type":"page","link":"https:\/\/mavacom.ee\/fi\/palvelut\/tallinnan-lahetti\/","title":{"rendered":"Tallinnan l\u00e4hetti"},"content":{"rendered":"<p>[vc_row][vc_column width=&#8221;1\/2&#8243;][vc_column_text]<\/p>\n<h1>Tallinnan l\u00e4hetti<\/h1>\n<p>[\/vc_column_text][vc_btn title=&#8221;Tarjouspyynt\u00f6&#8221; style=&#8221;classic&#8221; color=&#8221;primary&#8221; link=&#8221;url:https%3A%2F%2Fmavacom.ee%2Ffi%2Ftarjouspyynto%2F|||&#8221;][vc_btn title=&#8221;L\u00e4hetin tilaaminen&#8221; style=&#8221;classic&#8221; color=&#8221;primary&#8221; link=&#8221;url:https%3A%2F%2Fmavacom.ee%2Ffi%2Flahetin-tilaaminen%2F|||&#8221;][\/vc_column][vc_column width=&#8221;1\/2&#8243;][vc_column_text]<\/p>\n<ul>\n<li>Varmistamme edullisen hinnan ja nopean \u2013 seuraavana p\u00e4iv\u00e4n\u00e4 perill\u00e4 \u2013 l\u00e4hettipalvelun.<\/li>\n<li>L\u00e4hettipalvelua tarjotaan ja pakettikuljetus tapahtuu kaikkina arkip\u00e4ivin\u00e4.<\/li>\n<li>L\u00e4hetti noutaa paketin sinulle sopivasta paikasta ja toimittaa sen sovittuun osoitteeseen sek\u00e4 Virossa ett\u00e4 Suomessa. Tarjoamme my\u00f6s l\u00e4hetyksesi kuljetusvakuutusmahdollisuutta, joka kattaa ennalta arvaamattomat kulut.<\/li>\n<\/ul>\n<p>[\/vc_column_text][\/vc_column][\/vc_row]<\/p>\n","protected":false},"excerpt":{"rendered":"<p>[vc_row][vc_column width=&#8221;1\/2&#8243;][vc_column_text] Tallinnan l\u00e4hetti [\/vc_column_text][vc_btn title=&#8221;Tarjouspyynt\u00f6&#8221; style=&#8221;classic&#8221; color=&#8221;primary&#8221; link=&#8221;url:https%3A%2F%2Fmavacom.ee%2Ffi%2Ftarjouspyynto%2F|||&#8221;][vc_btn title=&#8221;L\u00e4hetin tilaaminen&#8221; style=&#8221;classic&#8221; color=&#8221;primary&#8221; link=&#8221;url:https%3A%2F%2Fmavacom.ee%2Ffi%2Flahetin-tilaaminen%2F|||&#8221;][\/vc_column][vc_column width=&#8221;1\/2&#8243;][vc_column_text] Varmistamme edullisen hinnan ja nopean \u2013 seuraavana p\u00e4iv\u00e4n\u00e4 perill\u00e4 \u2013 l\u00e4hettipalvelun. L\u00e4hettipalvelua tarjotaan ja pakettikuljetus&#8230;<\/p>\n","protected":false},"author":2,"featured_media":0,"parent":510,"menu_order":0,"comment_status":"closed","ping_status":"closed","template":"template-page_leftbar.php","meta":{"footnotes":""},"yoast_head":"<!-- This site is optimized with the Yoast SEO plugin v23.5 - https:\/\/yoast.com\/wordpress\/plugins\/seo\/ -->\n<title>Tallinnan l\u00e4hetti &#8226; Mavacom<\/title>\n<meta name=\"robots\" content=\"index, follow, max-snippet:-1, max-image-preview:large, max-video-preview:-1\" \/>\n<link rel=\"canonical\" href=\"https:\/\/mavacom.ee\/fi\/palvelut\/tallinnan-lahetti\/\" \/>\n<meta property=\"og:locale\" content=\"fi_FI\" \/>\n<meta property=\"og:type\" content=\"article\" \/>\n<meta property=\"og:title\" content=\"Tallinnan l\u00e4hetti &#8226; Mavacom\" \/>\n<meta property=\"og:description\" content=\"[vc_row][vc_column width=&#8221;1\/2&#8243;][vc_column_text] Tallinnan l\u00e4hetti [\/vc_column_text][vc_btn title=&#8221;Tarjouspyynt\u00f6&#8221; style=&#8221;classic&#8221; color=&#8221;primary&#8221; link=&#8221;url:https%3A%2F%2Fmavacom.ee%2Ffi%2Ftarjouspyynto%2F|||&#8221;][vc_btn title=&#8221;L\u00e4hetin tilaaminen&#8221; style=&#8221;classic&#8221; color=&#8221;primary&#8221; link=&#8221;url:https%3A%2F%2Fmavacom.ee%2Ffi%2Flahetin-tilaaminen%2F|||&#8221;][\/vc_column][vc_column width=&#8221;1\/2&#8243;][vc_column_text] Varmistamme edullisen hinnan ja nopean \u2013 seuraavana p\u00e4iv\u00e4n\u00e4 perill\u00e4 \u2013 l\u00e4hettipalvelun. L\u00e4hettipalvelua tarjotaan ja pakettikuljetus...\" \/>\n<meta property=\"og:url\" content=\"https:\/\/mavacom.ee\/fi\/palvelut\/tallinnan-lahetti\/\" \/>\n<meta property=\"og:site_name\" content=\"Mavacom\" \/>\n<meta property=\"article:modified_time\" content=\"2018-04-28T10:38:51+00:00\" \/>\n<meta name=\"twitter:card\" content=\"summary_large_image\" \/>\n<meta name=\"twitter:label1\" content=\"Arvioitu lukuaika\" \/>\n\t<meta name=\"twitter:data1\" content=\"1 minuutti\" \/>\n<script type=\"application\/ld+json\" class=\"yoast-schema-graph\">{\"@context\":\"https:\/\/schema.org\",\"@graph\":[{\"@type\":\"WebPage\",\"@id\":\"https:\/\/mavacom.ee\/fi\/palvelut\/tallinnan-lahetti\/\",\"url\":\"https:\/\/mavacom.ee\/fi\/palvelut\/tallinnan-lahetti\/\",\"name\":\"Tallinnan l\u00e4hetti &#8226; Mavacom\",\"isPartOf\":{\"@id\":\"https:\/\/mavacom.ee\/fi\/#website\"},\"datePublished\":\"2016-02-09T02:50:19+00:00\",\"dateModified\":\"2018-04-28T10:38:51+00:00\",\"breadcrumb\":{\"@id\":\"https:\/\/mavacom.ee\/fi\/palvelut\/tallinnan-lahetti\/#breadcrumb\"},\"inLanguage\":\"fi\",\"potentialAction\":[{\"@type\":\"ReadAction\",\"target\":[\"https:\/\/mavacom.ee\/fi\/palvelut\/tallinnan-lahetti\/\"]}]},{\"@type\":\"BreadcrumbList\",\"@id\":\"https:\/\/mavacom.ee\/fi\/palvelut\/tallinnan-lahetti\/#breadcrumb\",\"itemListElement\":[{\"@type\":\"ListItem\",\"position\":1,\"name\":\"Home\",\"item\":\"https:\/\/mavacom.ee\/fi\/\"},{\"@type\":\"ListItem\",\"position\":2,\"name\":\"Palvelut\",\"item\":\"https:\/\/mavacom.ee\/fi\/palvelut\/\"},{\"@type\":\"ListItem\",\"position\":3,\"name\":\"Tallinnan l\u00e4hetti\"}]},{\"@type\":\"WebSite\",\"@id\":\"https:\/\/mavacom.ee\/fi\/#website\",\"url\":\"https:\/\/mavacom.ee\/fi\/\",\"name\":\"Mavacom\",\"description\":\"Kuller- ja veoteenused Tallinn-Helsingi-Tallinn\",\"publisher\":{\"@id\":\"https:\/\/mavacom.ee\/fi\/#organization\"},\"potentialAction\":[{\"@type\":\"SearchAction\",\"target\":{\"@type\":\"EntryPoint\",\"urlTemplate\":\"https:\/\/mavacom.ee\/fi\/?s={search_term_string}\"},\"query-input\":{\"@type\":\"PropertyValueSpecification\",\"valueRequired\":true,\"valueName\":\"search_term_string\"}}],\"inLanguage\":\"fi\"},{\"@type\":\"Organization\",\"@id\":\"https:\/\/mavacom.ee\/fi\/#organization\",\"name\":\"Mavacom O\u00dc\",\"url\":\"https:\/\/mavacom.ee\/fi\/\",\"logo\":{\"@type\":\"ImageObject\",\"inLanguage\":\"fi\",\"@id\":\"https:\/\/mavacom.ee\/fi\/#\/schema\/logo\/image\/\",\"url\":\"http:\/\/mavacom.ee\/wp-content\/uploads\/2017\/11\/mavacom-logo.png\",\"contentUrl\":\"http:\/\/mavacom.ee\/wp-content\/uploads\/2017\/11\/mavacom-logo.png\",\"width\":308,\"height\":75,\"caption\":\"Mavacom O\u00dc\"},\"image\":{\"@id\":\"https:\/\/mavacom.ee\/fi\/#\/schema\/logo\/image\/\"}}]}<\/script>\n<!-- \/ Yoast SEO plugin. -->","yoast_head_json":{"title":"Tallinnan l\u00e4hetti &#8226; Mavacom","robots":{"index":"index","follow":"follow","max-snippet":"max-snippet:-1","max-image-preview":"max-image-preview:large","max-video-preview":"max-video-preview:-1"},"canonical":"https:\/\/mavacom.ee\/fi\/palvelut\/tallinnan-lahetti\/","og_locale":"fi_FI","og_type":"article","og_title":"Tallinnan l\u00e4hetti &#8226; Mavacom","og_description":"[vc_row][vc_column width=&#8221;1\/2&#8243;][vc_column_text] Tallinnan l\u00e4hetti [\/vc_column_text][vc_btn title=&#8221;Tarjouspyynt\u00f6&#8221; style=&#8221;classic&#8221; color=&#8221;primary&#8221; link=&#8221;url:https%3A%2F%2Fmavacom.ee%2Ffi%2Ftarjouspyynto%2F|||&#8221;][vc_btn title=&#8221;L\u00e4hetin tilaaminen&#8221; style=&#8221;classic&#8221; color=&#8221;primary&#8221; link=&#8221;url:https%3A%2F%2Fmavacom.ee%2Ffi%2Flahetin-tilaaminen%2F|||&#8221;][\/vc_column][vc_column width=&#8221;1\/2&#8243;][vc_column_text] Varmistamme edullisen hinnan ja nopean \u2013 seuraavana p\u00e4iv\u00e4n\u00e4 perill\u00e4 \u2013 l\u00e4hettipalvelun. L\u00e4hettipalvelua tarjotaan ja pakettikuljetus...","og_url":"https:\/\/mavacom.ee\/fi\/palvelut\/tallinnan-lahetti\/","og_site_name":"Mavacom","article_modified_time":"2018-04-28T10:38:51+00:00","twitter_card":"summary_large_image","twitter_misc":{"Arvioitu lukuaika":"1 minuutti"},"schema":{"@context":"https:\/\/schema.org","@graph":[{"@type":"WebPage","@id":"https:\/\/mavacom.ee\/fi\/palvelut\/tallinnan-lahetti\/","url":"https:\/\/mavacom.ee\/fi\/palvelut\/tallinnan-lahetti\/","name":"Tallinnan l\u00e4hetti &#8226; Mavacom","isPartOf":{"@id":"https:\/\/mavacom.ee\/fi\/#website"},"datePublished":"2016-02-09T02:50:19+00:00","dateModified":"2018-04-28T10:38:51+00:00","breadcrumb":{"@id":"https:\/\/mavacom.ee\/fi\/palvelut\/tallinnan-lahetti\/#breadcrumb"},"inLanguage":"fi","potentialAction":[{"@type":"ReadAction","target":["https:\/\/mavacom.ee\/fi\/palvelut\/tallinnan-lahetti\/"]}]},{"@type":"BreadcrumbList","@id":"https:\/\/mavacom.ee\/fi\/palvelut\/tallinnan-lahetti\/#breadcrumb","itemListElement":[{"@type":"ListItem","position":1,"name":"Home","item":"https:\/\/mavacom.ee\/fi\/"},{"@type":"ListItem","position":2,"name":"Palvelut","item":"https:\/\/mavacom.ee\/fi\/palvelut\/"},{"@type":"ListItem","position":3,"name":"Tallinnan l\u00e4hetti"}]},{"@type":"WebSite","@id":"https:\/\/mavacom.ee\/fi\/#website","url":"https:\/\/mavacom.ee\/fi\/","name":"Mavacom","description":"Kuller- ja veoteenused Tallinn-Helsingi-Tallinn","publisher":{"@id":"https:\/\/mavacom.ee\/fi\/#organization"},"potentialAction":[{"@type":"SearchAction","target":{"@type":"EntryPoint","urlTemplate":"https:\/\/mavacom.ee\/fi\/?s={search_term_string}"},"query-input":{"@type":"PropertyValueSpecification","valueRequired":true,"valueName":"search_term_string"}}],"inLanguage":"fi"},{"@type":"Organization","@id":"https:\/\/mavacom.ee\/fi\/#organization","name":"Mavacom O\u00dc","url":"https:\/\/mavacom.ee\/fi\/","logo":{"@type":"ImageObject","inLanguage":"fi","@id":"https:\/\/mavacom.ee\/fi\/#\/schema\/logo\/image\/","url":"http:\/\/mavacom.ee\/wp-content\/uploads\/2017\/11\/mavacom-logo.png","contentUrl":"http:\/\/mavacom.ee\/wp-content\/uploads\/2017\/11\/mavacom-logo.png","width":308,"height":75,"caption":"Mavacom O\u00dc"},"image":{"@id":"https:\/\/mavacom.ee\/fi\/#\/schema\/logo\/image\/"}}]}},"_links":{"self":[{"href":"https:\/\/mavacom.ee\/fi\/wp-json\/wp\/v2\/pages\/501"}],"collection":[{"href":"https:\/\/mavacom.ee\/fi\/wp-json\/wp\/v2\/pages"}],"about":[{"href":"https:\/\/mavacom.ee\/fi\/wp-json\/wp\/v2\/types\/page"}],"author":[{"embeddable":true,"href":"https:\/\/mavacom.ee\/fi\/wp-json\/wp\/v2\/users\/2"}],"replies":[{"embeddable":true,"href":"https:\/\/mavacom.ee\/fi\/wp-json\/wp\/v2\/comments?post=501"}],"version-history":[{"count":3,"href":"https:\/\/mavacom.ee\/fi\/wp-json\/wp\/v2\/pages\/501\/revisions"}],"predecessor-version":[{"id":625,"href":"https:\/\/mavacom.ee\/fi\/wp-json\/wp\/v2\/pages\/501\/revisions\/625"}],"up":[{"embeddable":true,"href":"https:\/\/mavacom.ee\/fi\/wp-json\/wp\/v2\/pages\/510"}],"wp:attachment":[{"href":"https:\/\/mavacom.ee\/fi\/wp-json\/wp\/v2\/media?parent=501"}],"curies":[{"name":"wp","href":"https:\/\/api.w.org\/{rel}","templated":true}]}}