{"id":481,"date":"2017-12-08T08:19:08","date_gmt":"2017-12-08T06:19:08","guid":{"rendered":"https:\/\/mavacom.ee\/kulleri-tellimine\/"},"modified":"2018-04-28T11:38:46","modified_gmt":"2018-04-28T09:38:46","slug":"lahetin-tilaaminen","status":"publish","type":"page","link":"https:\/\/mavacom.ee\/fi\/lahetin-tilaaminen\/","title":{"rendered":"L\u00e4hetin tilaaminen"},"content":{"rendered":"<p>[vc_row][vc_column]<script type=\"text\/javascript\">var gform;gform||(document.addEventListener(\"gform_main_scripts_loaded\",function(){gform.scriptsLoaded=!0}),window.addEventListener(\"DOMContentLoaded\",function(){gform.domLoaded=!0}),gform={domLoaded:!1,scriptsLoaded:!1,initializeOnLoaded:function(o){gform.domLoaded&&gform.scriptsLoaded?o():!gform.domLoaded&&gform.scriptsLoaded?window.addEventListener(\"DOMContentLoaded\",o):document.addEventListener(\"gform_main_scripts_loaded\",o)},hooks:{action:{},filter:{}},addAction:function(o,n,r,t){gform.addHook(\"action\",o,n,r,t)},addFilter:function(o,n,r,t){gform.addHook(\"filter\",o,n,r,t)},doAction:function(o){gform.doHook(\"action\",o,arguments)},applyFilters:function(o){return gform.doHook(\"filter\",o,arguments)},removeAction:function(o,n){gform.removeHook(\"action\",o,n)},removeFilter:function(o,n,r){gform.removeHook(\"filter\",o,n,r)},addHook:function(o,n,r,t,i){null==gform.hooks[o][n]&&(gform.hooks[o][n]=[]);var e=gform.hooks[o][n];null==i&&(i=n+\"_\"+e.length),gform.hooks[o][n].push({tag:i,callable:r,priority:t=null==t?10:t})},doHook:function(n,o,r){var t;if(r=Array.prototype.slice.call(r,1),null!=gform.hooks[n][o]&&((o=gform.hooks[n][o]).sort(function(o,n){return o.priority-n.priority}),o.forEach(function(o){\"function\"!=typeof(t=o.callable)&&(t=window[t]),\"action\"==n?t.apply(null,r):r[0]=t.apply(null,r)})),\"filter\"==n)return r[0]},removeHook:function(o,n,t,i){var r;null!=gform.hooks[o][n]&&(r=(r=gform.hooks[o][n]).filter(function(o,n,r){return!!(null!=i&&i!=o.tag||null!=t&&t!=o.priority)}),gform.hooks[o][n]=r)}});<\/script>\n                <div class='gf_browser_gecko gform_wrapper gform_legacy_markup_wrapper' id='gform_wrapper_1' >\n                        <div class='gform_heading'>\n                            <span class='gform_description'><\/span>\n                        <\/div><form method='post' enctype='multipart\/form-data'  id='gform_1'  action='\/fi\/wp-json\/wp\/v2\/pages\/481' >\n                        <div class='gform_body gform-body'><ul id='gform_fields_1' class='gform_fields top_label form_sublabel_below description_above'><li id=\"field_1_13\"  class=\"gfield gsection field_sublabel_below field_description_above gfield_visibility_visible\"  data-js-reload=\"field_1_13\"><h2 class=\"gsection_title\">Nouto:<\/h2><\/li><li id=\"field_1_4\"  class=\"gfield gf_right_half gfield_contains_required field_sublabel_below field_description_above gfield_visibility_visible\"  data-js-reload=\"field_1_4\"><label class='gfield_label' for='input_1_4' >Yritys<span class=\"gfield_required\"><span class=\"gfield_required gfield_required_asterisk\">*<\/span><\/span><\/label><div class='ginput_container ginput_container_text'><input name='input_4' id='input_1_4' type='text' value='' class='large'     aria-required=\"true\" aria-invalid=\"false\"   \/> <\/div><\/li><li id=\"field_1_5\"  class=\"gfield gf_right_half field_sublabel_below field_description_above gfield_visibility_visible\"  data-js-reload=\"field_1_5\"><label class='gfield_label' for='input_1_5' >Yhteyshenkil\u00f6<\/label><div class='ginput_container ginput_container_text'><input name='input_5' id='input_1_5' type='text' value='' class='large'      aria-invalid=\"false\"   \/> <\/div><\/li><li id=\"field_1_6\"  class=\"gfield gf_right_half gfield_contains_required field_sublabel_below field_description_above gfield_visibility_visible\"  data-js-reload=\"field_1_6\"><label class='gfield_label' for='input_1_6' >Osoite<span class=\"gfield_required\"><span class=\"gfield_required gfield_required_asterisk\">*<\/span><\/span><\/label><div class='ginput_container ginput_container_text'><input name='input_6' id='input_1_6' type='text' value='' class='large'     aria-required=\"true\" aria-invalid=\"false\"   \/> <\/div><\/li><li id=\"field_1_7\"  class=\"gfield gf_right_half gfield_contains_required field_sublabel_below field_description_above gfield_visibility_visible\"  data-js-reload=\"field_1_7\"><label class='gfield_label' for='input_1_7' >Puhelin<span class=\"gfield_required\"><span class=\"gfield_required gfield_required_asterisk\">*<\/span><\/span><\/label><div class='ginput_container ginput_container_text'><input name='input_7' id='input_1_7' type='text' value='' class='large'     aria-required=\"true\" aria-invalid=\"false\"   \/> <\/div><\/li><li id=\"field_1_43\"  class=\"gfield field_sublabel_below field_description_above gfield_visibility_visible\"  data-js-reload=\"field_1_43\"><label class='gfield_label' for='input_1_43' >S\u00e4hk\u00f6postiosoite<\/label><div class='ginput_container ginput_container_text'><input name='input_43' id='input_1_43' type='text' value='' class='large'      aria-invalid=\"false\"   \/> <\/div><\/li><li id=\"field_1_8\"  class=\"gfield gsection field_sublabel_below field_description_above gfield_visibility_visible\"  data-js-reload=\"field_1_8\"><h2 class=\"gsection_title\">Vienti:<\/h2><\/li><li id=\"field_1_9\"  class=\"gfield gf_right_half gfield_contains_required field_sublabel_below field_description_above gfield_visibility_visible\"  data-js-reload=\"field_1_9\"><label class='gfield_label' for='input_1_9' >Yritys<span class=\"gfield_required\"><span class=\"gfield_required gfield_required_asterisk\">*<\/span><\/span><\/label><div class='ginput_container ginput_container_text'><input name='input_9' id='input_1_9' type='text' value='' class='large'     aria-required=\"true\" aria-invalid=\"false\"   \/> <\/div><\/li><li id=\"field_1_10\"  class=\"gfield gf_right_half field_sublabel_below field_description_above gfield_visibility_visible\"  data-js-reload=\"field_1_10\"><label class='gfield_label' for='input_1_10' >Yhteyshenkil\u00f6<\/label><div class='ginput_container ginput_container_text'><input name='input_10' id='input_1_10' type='text' value='' class='large'      aria-invalid=\"false\"   \/> <\/div><\/li><li id=\"field_1_11\"  class=\"gfield gf_right_half gfield_contains_required field_sublabel_below field_description_above gfield_visibility_visible\"  data-js-reload=\"field_1_11\"><label class='gfield_label' for='input_1_11' >Osoite<span class=\"gfield_required\"><span class=\"gfield_required gfield_required_asterisk\">*<\/span><\/span><\/label><div class='ginput_container ginput_container_text'><input name='input_11' id='input_1_11' type='text' value='' class='large'     aria-required=\"true\" aria-invalid=\"false\"   \/> <\/div><\/li><li id=\"field_1_12\"  class=\"gfield gf_right_half gfield_contains_required field_sublabel_below field_description_above gfield_visibility_visible\"  data-js-reload=\"field_1_12\"><label class='gfield_label' for='input_1_12' >Puhelin<span class=\"gfield_required\"><span class=\"gfield_required gfield_required_asterisk\">*<\/span><\/span><\/label><div class='ginput_container ginput_container_text'><input name='input_12' id='input_1_12' type='text' value='' class='large'     aria-required=\"true\" aria-invalid=\"false\"   \/> <\/div><\/li><li id=\"field_1_42\"  class=\"gfield field_sublabel_below field_description_above gfield_visibility_visible\"  data-js-reload=\"field_1_42\"><label class='gfield_label' for='input_1_42' >S\u00e4hk\u00f6postiosoite<\/label><div class='ginput_container ginput_container_text'><input name='input_42' id='input_1_42' type='text' value='' class='large'      aria-invalid=\"false\"   \/> <\/div><\/li><li id=\"field_1_14\"  class=\"gfield gsection field_sublabel_below field_description_above gfield_visibility_visible\"  data-js-reload=\"field_1_14\"><h2 class=\"gsection_title\">Kuka maksaa palvelun:<\/h2><\/li><li id=\"field_1_19\"  class=\"gfield gf_left_half gfield_contains_required field_sublabel_below field_description_above gfield_visibility_visible\"  data-js-reload=\"field_1_19\"><label class='gfield_label' for='input_1_19' >Yritys<span class=\"gfield_required\"><span class=\"gfield_required gfield_required_asterisk\">*<\/span><\/span><\/label><div class='ginput_container ginput_container_text'><input name='input_19' id='input_1_19' type='text' value='' class='large'     aria-required=\"true\" aria-invalid=\"false\"   \/> <\/div><\/li><li id=\"field_1_20\"  class=\"gfield gf_left_half field_sublabel_below field_description_above gfield_visibility_visible\"  data-js-reload=\"field_1_20\"><label class='gfield_label' for='input_1_20' >Yhteyshenkil\u00f6<\/label><div class='ginput_container ginput_container_text'><input name='input_20' id='input_1_20' type='text' value='' class='large'      aria-invalid=\"false\"   \/> <\/div><\/li><li id=\"field_1_21\"  class=\"gfield gf_left_half field_sublabel_below field_description_above gfield_visibility_visible\"  data-js-reload=\"field_1_21\"><label class='gfield_label' for='input_1_21' >Y-tunnus<\/label><div class='ginput_container ginput_container_text'><input name='input_21' id='input_1_21' type='text' value='' class='large'      aria-invalid=\"false\"   \/> <\/div><\/li><li id=\"field_1_22\"  class=\"gfield gf_left_half field_sublabel_below field_description_above gfield_visibility_visible\"  data-js-reload=\"field_1_22\"><label class='gfield_label' for='input_1_22' >Puhelin<\/label><div class='ginput_container ginput_container_text'><input name='input_22' id='input_1_22' type='text' value='' class='large'      aria-invalid=\"false\"   \/> <\/div><\/li><li id=\"field_1_24\"  class=\"gfield gfield_contains_required field_sublabel_below field_description_above gfield_visibility_visible\"  data-js-reload=\"field_1_24\"><label class='gfield_label' for='input_1_24' >S\u00e4hk\u00f6postiosoite<span class=\"gfield_required\"><span class=\"gfield_required gfield_required_asterisk\">*<\/span><\/span><\/label><div class='ginput_container ginput_container_email'>\n                            <input name='input_24' id='input_1_24' type='text' value='' class='large'    aria-required=\"true\" aria-invalid=\"false\"  \/>\n                        <\/div><\/li><li id=\"field_1_41\"  class=\"gfield gsection field_sublabel_below field_description_above gfield_visibility_visible\"  data-js-reload=\"field_1_41\"><h2 class=\"gsection_title\">Lis\u00e4tietoja tilauksesta\/l\u00e4hetyksest\u00e4:<\/h2><\/li><li id=\"field_1_29\"  class=\"gfield field_sublabel_below field_description_above gfield_visibility_visible\"  data-js-reload=\"field_1_29\"><label class='gfield_label' for='input_1_29' > Pakolliset tiedot<\/label><div class='ginput_container ginput_container_textarea'><textarea name='input_29' id='input_1_29' class='textarea medium'      aria-invalid=\"false\"   rows='10' cols='50'><\/textarea><\/div><\/li><\/ul><\/div>\n        <div class='gform_footer top_label'> <input type='submit' id='gform_submit_button_1' class='gform_button button' value='L\u00e4het\u00e4 tilaus'  onclick='if(window[\"gf_submitting_1\"]){return false;}  window[\"gf_submitting_1\"]=true;  ' onkeypress='if( event.keyCode == 13 ){ if(window[\"gf_submitting_1\"]){return false;} window[\"gf_submitting_1\"]=true;  jQuery(\"#gform_1\").trigger(\"submit\",[true]); }' \/> \n            <input type='hidden' class='gform_hidden' name='is_submit_1' value='1' \/>\n            <input type='hidden' class='gform_hidden' name='gform_submit' value='1' \/>\n            \n            <input type='hidden' class='gform_hidden' name='gform_unique_id' value='' \/>\n            <input type='hidden' class='gform_hidden' name='state_1' value='WyJbXSIsIjU5NjQ4OGI3NjQ0N2RkMjgyYjcyY2Q1YzY5OWQyMjMwIl0=' \/>\n            <input type='hidden' class='gform_hidden' name='gform_target_page_number_1' id='gform_target_page_number_1' value='0' \/>\n            <input type='hidden' class='gform_hidden' name='gform_source_page_number_1' id='gform_source_page_number_1' value='1' \/>\n            <input type='hidden' name='gform_field_values' value='' \/>\n            \n        <\/div>\n                        <p style=\"display: none !important;\" class=\"akismet-fields-container\" data-prefix=\"ak_\"><label>&#916;<textarea name=\"ak_hp_textarea\" cols=\"45\" rows=\"8\" maxlength=\"100\"><\/textarea><\/label><input type=\"hidden\" id=\"ak_js_1\" name=\"ak_js\" value=\"77\"\/><script>document.getElementById( \"ak_js_1\" ).setAttribute( \"value\", ( new Date() ).getTime() );<\/script><\/p><\/form>\n                        <\/div>[vc_text_separator title=&#8221;Varmista kuljetuksen tilaamisen j\u00e4lkeen, ett\u00e4 tavaraan on merkitty sek\u00e4 l\u00e4hett\u00e4j\u00e4n ett\u00e4 vastaanottajan oikeat tiedot. Kiinnit\u00e4 huomiota l\u00e4hetyksen pakkaukseen ja huolehdi, ett\u00e4 l\u00e4hetys on pakattu kuljetusvarmasti.&#8221; i_icon_fontawesome=&#8221;fa fa-info-circle&#8221; i_color=&#8221;green&#8221; i_size=&#8221;lg&#8221; style=&#8221;shadow&#8221; add_icon=&#8221;true&#8221;][\/vc_column][\/vc_row]<\/p>\n","protected":false},"excerpt":{"rendered":"<p>[vc_row][vc_column][vc_text_separator title=&#8221;Varmista kuljetuksen tilaamisen j\u00e4lkeen, ett\u00e4 tavaraan on merkitty sek\u00e4 l\u00e4hett\u00e4j\u00e4n ett\u00e4 vastaanottajan oikeat tiedot. Kiinnit\u00e4 huomiota l\u00e4hetyksen pakkaukseen ja huolehdi, ett\u00e4 l\u00e4hetys on pakattu kuljetusvarmasti.&#8221; i_icon_fontawesome=&#8221;fa fa-info-circle&#8221; i_color=&#8221;green&#8221; i_size=&#8221;lg&#8221;&#8230;<\/p>\n","protected":false},"author":2,"featured_media":0,"parent":0,"menu_order":0,"comment_status":"closed","ping_status":"closed","template":"template-page_fullwidth.php","meta":{"footnotes":""},"yoast_head":"<!-- This site is optimized with the Yoast SEO plugin v23.5 - https:\/\/yoast.com\/wordpress\/plugins\/seo\/ -->\n<title>L\u00e4hetin tilaaminen &#8226; Mavacom<\/title>\n<meta name=\"robots\" content=\"index, follow, max-snippet:-1, max-image-preview:large, max-video-preview:-1\" \/>\n<link rel=\"canonical\" href=\"https:\/\/mavacom.ee\/fi\/lahetin-tilaaminen\/\" \/>\n<meta property=\"og:locale\" content=\"fi_FI\" \/>\n<meta property=\"og:type\" content=\"article\" \/>\n<meta property=\"og:title\" content=\"L\u00e4hetin tilaaminen &#8226; Mavacom\" \/>\n<meta property=\"og:description\" content=\"[vc_row][vc_column][vc_text_separator title=&#8221;Varmista kuljetuksen tilaamisen j\u00e4lkeen, ett\u00e4 tavaraan on merkitty sek\u00e4 l\u00e4hett\u00e4j\u00e4n ett\u00e4 vastaanottajan oikeat tiedot. Kiinnit\u00e4 huomiota l\u00e4hetyksen pakkaukseen ja huolehdi, ett\u00e4 l\u00e4hetys on pakattu kuljetusvarmasti.&#8221; i_icon_fontawesome=&#8221;fa fa-info-circle&#8221; i_color=&#8221;green&#8221; i_size=&#8221;lg&#8221;...\" \/>\n<meta property=\"og:url\" content=\"https:\/\/mavacom.ee\/fi\/lahetin-tilaaminen\/\" \/>\n<meta property=\"og:site_name\" content=\"Mavacom\" \/>\n<meta property=\"article:modified_time\" content=\"2018-04-28T09:38:46+00:00\" \/>\n<meta name=\"twitter:card\" content=\"summary_large_image\" \/>\n<script type=\"application\/ld+json\" class=\"yoast-schema-graph\">{\"@context\":\"https:\/\/schema.org\",\"@graph\":[{\"@type\":\"WebPage\",\"@id\":\"https:\/\/mavacom.ee\/fi\/lahetin-tilaaminen\/\",\"url\":\"https:\/\/mavacom.ee\/fi\/lahetin-tilaaminen\/\",\"name\":\"L\u00e4hetin tilaaminen &#8226; Mavacom\",\"isPartOf\":{\"@id\":\"https:\/\/mavacom.ee\/fi\/#website\"},\"datePublished\":\"2017-12-08T06:19:08+00:00\",\"dateModified\":\"2018-04-28T09:38:46+00:00\",\"breadcrumb\":{\"@id\":\"https:\/\/mavacom.ee\/fi\/lahetin-tilaaminen\/#breadcrumb\"},\"inLanguage\":\"fi\",\"potentialAction\":[{\"@type\":\"ReadAction\",\"target\":[\"https:\/\/mavacom.ee\/fi\/lahetin-tilaaminen\/\"]}]},{\"@type\":\"BreadcrumbList\",\"@id\":\"https:\/\/mavacom.ee\/fi\/lahetin-tilaaminen\/#breadcrumb\",\"itemListElement\":[{\"@type\":\"ListItem\",\"position\":1,\"name\":\"Home\",\"item\":\"https:\/\/mavacom.ee\/fi\/\"},{\"@type\":\"ListItem\",\"position\":2,\"name\":\"L\u00e4hetin tilaaminen\"}]},{\"@type\":\"WebSite\",\"@id\":\"https:\/\/mavacom.ee\/fi\/#website\",\"url\":\"https:\/\/mavacom.ee\/fi\/\",\"name\":\"Mavacom\",\"description\":\"Kuller- ja veoteenused Tallinn-Helsingi-Tallinn\",\"publisher\":{\"@id\":\"https:\/\/mavacom.ee\/fi\/#organization\"},\"potentialAction\":[{\"@type\":\"SearchAction\",\"target\":{\"@type\":\"EntryPoint\",\"urlTemplate\":\"https:\/\/mavacom.ee\/fi\/?s={search_term_string}\"},\"query-input\":{\"@type\":\"PropertyValueSpecification\",\"valueRequired\":true,\"valueName\":\"search_term_string\"}}],\"inLanguage\":\"fi\"},{\"@type\":\"Organization\",\"@id\":\"https:\/\/mavacom.ee\/fi\/#organization\",\"name\":\"Mavacom O\u00dc\",\"url\":\"https:\/\/mavacom.ee\/fi\/\",\"logo\":{\"@type\":\"ImageObject\",\"inLanguage\":\"fi\",\"@id\":\"https:\/\/mavacom.ee\/fi\/#\/schema\/logo\/image\/\",\"url\":\"http:\/\/mavacom.ee\/wp-content\/uploads\/2017\/11\/mavacom-logo.png\",\"contentUrl\":\"http:\/\/mavacom.ee\/wp-content\/uploads\/2017\/11\/mavacom-logo.png\",\"width\":308,\"height\":75,\"caption\":\"Mavacom O\u00dc\"},\"image\":{\"@id\":\"https:\/\/mavacom.ee\/fi\/#\/schema\/logo\/image\/\"}}]}<\/script>\n<!-- \/ Yoast SEO plugin. -->","yoast_head_json":{"title":"L\u00e4hetin tilaaminen &#8226; Mavacom","robots":{"index":"index","follow":"follow","max-snippet":"max-snippet:-1","max-image-preview":"max-image-preview:large","max-video-preview":"max-video-preview:-1"},"canonical":"https:\/\/mavacom.ee\/fi\/lahetin-tilaaminen\/","og_locale":"fi_FI","og_type":"article","og_title":"L\u00e4hetin tilaaminen &#8226; Mavacom","og_description":"[vc_row][vc_column][vc_text_separator title=&#8221;Varmista kuljetuksen tilaamisen j\u00e4lkeen, ett\u00e4 tavaraan on merkitty sek\u00e4 l\u00e4hett\u00e4j\u00e4n ett\u00e4 vastaanottajan oikeat tiedot. Kiinnit\u00e4 huomiota l\u00e4hetyksen pakkaukseen ja huolehdi, ett\u00e4 l\u00e4hetys on pakattu kuljetusvarmasti.&#8221; i_icon_fontawesome=&#8221;fa fa-info-circle&#8221; i_color=&#8221;green&#8221; i_size=&#8221;lg&#8221;...","og_url":"https:\/\/mavacom.ee\/fi\/lahetin-tilaaminen\/","og_site_name":"Mavacom","article_modified_time":"2018-04-28T09:38:46+00:00","twitter_card":"summary_large_image","schema":{"@context":"https:\/\/schema.org","@graph":[{"@type":"WebPage","@id":"https:\/\/mavacom.ee\/fi\/lahetin-tilaaminen\/","url":"https:\/\/mavacom.ee\/fi\/lahetin-tilaaminen\/","name":"L\u00e4hetin tilaaminen &#8226; Mavacom","isPartOf":{"@id":"https:\/\/mavacom.ee\/fi\/#website"},"datePublished":"2017-12-08T06:19:08+00:00","dateModified":"2018-04-28T09:38:46+00:00","breadcrumb":{"@id":"https:\/\/mavacom.ee\/fi\/lahetin-tilaaminen\/#breadcrumb"},"inLanguage":"fi","potentialAction":[{"@type":"ReadAction","target":["https:\/\/mavacom.ee\/fi\/lahetin-tilaaminen\/"]}]},{"@type":"BreadcrumbList","@id":"https:\/\/mavacom.ee\/fi\/lahetin-tilaaminen\/#breadcrumb","itemListElement":[{"@type":"ListItem","position":1,"name":"Home","item":"https:\/\/mavacom.ee\/fi\/"},{"@type":"ListItem","position":2,"name":"L\u00e4hetin tilaaminen"}]},{"@type":"WebSite","@id":"https:\/\/mavacom.ee\/fi\/#website","url":"https:\/\/mavacom.ee\/fi\/","name":"Mavacom","description":"Kuller- ja veoteenused Tallinn-Helsingi-Tallinn","publisher":{"@id":"https:\/\/mavacom.ee\/fi\/#organization"},"potentialAction":[{"@type":"SearchAction","target":{"@type":"EntryPoint","urlTemplate":"https:\/\/mavacom.ee\/fi\/?s={search_term_string}"},"query-input":{"@type":"PropertyValueSpecification","valueRequired":true,"valueName":"search_term_string"}}],"inLanguage":"fi"},{"@type":"Organization","@id":"https:\/\/mavacom.ee\/fi\/#organization","name":"Mavacom O\u00dc","url":"https:\/\/mavacom.ee\/fi\/","logo":{"@type":"ImageObject","inLanguage":"fi","@id":"https:\/\/mavacom.ee\/fi\/#\/schema\/logo\/image\/","url":"http:\/\/mavacom.ee\/wp-content\/uploads\/2017\/11\/mavacom-logo.png","contentUrl":"http:\/\/mavacom.ee\/wp-content\/uploads\/2017\/11\/mavacom-logo.png","width":308,"height":75,"caption":"Mavacom O\u00dc"},"image":{"@id":"https:\/\/mavacom.ee\/fi\/#\/schema\/logo\/image\/"}}]}},"_links":{"self":[{"href":"https:\/\/mavacom.ee\/fi\/wp-json\/wp\/v2\/pages\/481"}],"collection":[{"href":"https:\/\/mavacom.ee\/fi\/wp-json\/wp\/v2\/pages"}],"about":[{"href":"https:\/\/mavacom.ee\/fi\/wp-json\/wp\/v2\/types\/page"}],"author":[{"embeddable":true,"href":"https:\/\/mavacom.ee\/fi\/wp-json\/wp\/v2\/users\/2"}],"replies":[{"embeddable":true,"href":"https:\/\/mavacom.ee\/fi\/wp-json\/wp\/v2\/comments?post=481"}],"version-history":[{"count":1,"href":"https:\/\/mavacom.ee\/fi\/wp-json\/wp\/v2\/pages\/481\/revisions"}],"predecessor-version":[{"id":607,"href":"https:\/\/mavacom.ee\/fi\/wp-json\/wp\/v2\/pages\/481\/revisions\/607"}],"wp:attachment":[{"href":"https:\/\/mavacom.ee\/fi\/wp-json\/wp\/v2\/media?parent=481"}],"curies":[{"name":"wp","href":"https:\/\/api.w.org\/{rel}","templated":true}]}}