{"id":477,"date":"2018-03-21T08:33:01","date_gmt":"2018-03-21T06:33:01","guid":{"rendered":"https:\/\/mavacom.ee\/kiire-hinnaparing\/"},"modified":"2018-04-28T11:14:31","modified_gmt":"2018-04-28T09:14:31","slug":"tarjouspyynto","status":"publish","type":"page","link":"https:\/\/mavacom.ee\/fi\/tarjouspyynto\/","title":{"rendered":"Tarjouspyynt\u00f6"},"content":{"rendered":"<p>[vc_row css=&#8221;.vc_custom_1521614987755{padding-top: 35px !important;padding-right: 35px !important;padding-bottom: 35px !important;padding-left: 35px !important;}&#8221;][vc_column]<script type=\"text\/javascript\">var gform;gform||(document.addEventListener(\"gform_main_scripts_loaded\",function(){gform.scriptsLoaded=!0}),window.addEventListener(\"DOMContentLoaded\",function(){gform.domLoaded=!0}),gform={domLoaded:!1,scriptsLoaded:!1,initializeOnLoaded:function(o){gform.domLoaded&&gform.scriptsLoaded?o():!gform.domLoaded&&gform.scriptsLoaded?window.addEventListener(\"DOMContentLoaded\",o):document.addEventListener(\"gform_main_scripts_loaded\",o)},hooks:{action:{},filter:{}},addAction:function(o,n,r,t){gform.addHook(\"action\",o,n,r,t)},addFilter:function(o,n,r,t){gform.addHook(\"filter\",o,n,r,t)},doAction:function(o){gform.doHook(\"action\",o,arguments)},applyFilters:function(o){return gform.doHook(\"filter\",o,arguments)},removeAction:function(o,n){gform.removeHook(\"action\",o,n)},removeFilter:function(o,n,r){gform.removeHook(\"filter\",o,n,r)},addHook:function(o,n,r,t,i){null==gform.hooks[o][n]&&(gform.hooks[o][n]=[]);var e=gform.hooks[o][n];null==i&&(i=n+\"_\"+e.length),gform.hooks[o][n].push({tag:i,callable:r,priority:t=null==t?10:t})},doHook:function(n,o,r){var t;if(r=Array.prototype.slice.call(r,1),null!=gform.hooks[n][o]&&((o=gform.hooks[n][o]).sort(function(o,n){return o.priority-n.priority}),o.forEach(function(o){\"function\"!=typeof(t=o.callable)&&(t=window[t]),\"action\"==n?t.apply(null,r):r[0]=t.apply(null,r)})),\"filter\"==n)return r[0]},removeHook:function(o,n,t,i){var r;null!=gform.hooks[o][n]&&(r=(r=gform.hooks[o][n]).filter(function(o,n,r){return!!(null!=i&&i!=o.tag||null!=t&&t!=o.priority)}),gform.hooks[o][n]=r)}});<\/script>\n                <div class='gf_browser_gecko gform_wrapper gform_legacy_markup_wrapper' id='gform_wrapper_3' ><div id='gf_3' class='gform_anchor' tabindex='-1'><\/div><form method='post' enctype='multipart\/form-data' target='gform_ajax_frame_3' id='gform_3'  action='\/fi\/wp-json\/wp\/v2\/pages\/477#gf_3' >\n                        <div class='gform_body gform-body'><ul id='gform_fields_3' class='gform_fields top_label form_sublabel_below description_above'><li id=\"field_3_1\"  class=\"gfield gfield_contains_required field_sublabel_below field_description_above gfield_visibility_visible\"  data-js-reload=\"field_3_1\"><label class='gfield_label' for='input_3_1' >Nouto-osoite<span class=\"gfield_required\"><span class=\"gfield_required gfield_required_asterisk\">*<\/span><\/span><\/label><div class='ginput_container ginput_container_text'><input name='input_1' id='input_3_1' type='text' value='' class='large'     aria-required=\"true\" aria-invalid=\"false\"   \/> <\/div><\/li><li id=\"field_3_2\"  class=\"gfield gfield_contains_required field_sublabel_below field_description_above gfield_visibility_visible\"  data-js-reload=\"field_3_2\"><label class='gfield_label' for='input_3_2' >Vientiosoite*<span class=\"gfield_required\"><span class=\"gfield_required gfield_required_asterisk\">*<\/span><\/span><\/label><div class='ginput_container ginput_container_text'><input name='input_2' id='input_3_2' type='text' value='' class='large'     aria-required=\"true\" aria-invalid=\"false\"   \/> <\/div><\/li><li id=\"field_3_29\"  class=\"gfield field_sublabel_below field_description_above gfield_visibility_visible\"  data-js-reload=\"field_3_29\"><label class='gfield_label' for='input_3_29' >Pakettien lukum\u00e4\u00e4r\u00e4<\/label><div class='ginput_container ginput_container_text'><input name='input_29' id='input_3_29' type='text' value='' class='large'      aria-invalid=\"false\"   \/> <\/div><\/li><li id=\"field_3_30\"  class=\"gfield field_sublabel_below field_description_above gfield_visibility_visible\"  data-js-reload=\"field_3_30\"><label class='gfield_label' for='input_3_30' >Paino<\/label><div class='ginput_container ginput_container_text'><input name='input_30' id='input_3_30' type='text' value='' class='large'    placeholder='kg'  aria-invalid=\"false\"   \/> <\/div><\/li><li id=\"field_3_31\"  class=\"gfield field_sublabel_below field_description_above gfield_visibility_visible\"  data-js-reload=\"field_3_31\"><label class='gfield_label' for='input_3_31' >Tavaran mitat yhteens\u00e4<\/label><div class='ginput_container ginput_container_text'><input name='input_31' id='input_3_31' type='text' value='' class='large'    placeholder='cm*cm*cm'  aria-invalid=\"false\"   \/> <\/div><\/li><li id=\"field_3_8\"  class=\"gfield field_sublabel_below field_description_above gfield_visibility_visible\"  data-js-reload=\"field_3_8\"><label class='gfield_label' for='input_3_8' >T\u00e4rke\u00e4\u00e4 tietoa l\u00e4hetille<\/label><div class='ginput_container ginput_container_textarea'><textarea name='input_8' id='input_3_8' class='textarea small'      aria-invalid=\"false\"   rows='10' cols='50'><\/textarea><\/div><\/li><li id=\"field_3_7\"  class=\"gfield gfield_contains_required field_sublabel_below field_description_above gfield_visibility_visible\"  data-js-reload=\"field_3_7\"><label class='gfield_label' for='input_3_7' > Tarjouspyynn\u00f6n tilaajan s\u00e4hk\u00f6postiosoite<span class=\"gfield_required\"><span class=\"gfield_required gfield_required_asterisk\">*<\/span><\/span><\/label><div class='ginput_container ginput_container_email'>\n                            <input name='input_7' id='input_3_7' type='text' value='' class='large'    aria-required=\"true\" aria-invalid=\"false\"  \/>\n                        <\/div><\/li><li id=\"field_3_9\"  class=\"gfield field_sublabel_below field_description_above gfield_visibility_visible\"  data-js-reload=\"field_3_9\"><label class='gfield_label' for='input_3_9' >Puhelin<\/label><div class='ginput_container ginput_container_text'><input name='input_9' id='input_3_9' type='text' value='' class='medium'      aria-invalid=\"false\"   \/> <\/div><\/li><\/ul><\/div>\n        <div class='gform_footer top_label'> <input type='submit' id='gform_submit_button_3' class='gform_button button' value='L\u00e4het\u00e4 tarjouspyynt\u00f6'  onclick='if(window[\"gf_submitting_3\"]){return false;}  window[\"gf_submitting_3\"]=true;  ' onkeypress='if( event.keyCode == 13 ){ if(window[\"gf_submitting_3\"]){return false;} window[\"gf_submitting_3\"]=true;  jQuery(\"#gform_3\").trigger(\"submit\",[true]); }' \/> <input type='hidden' name='gform_ajax' value='form_id=3&amp;title=&amp;description=&amp;tabindex=0' \/>\n            <input type='hidden' class='gform_hidden' name='is_submit_3' value='1' \/>\n            <input type='hidden' class='gform_hidden' name='gform_submit' value='3' \/>\n            \n            <input type='hidden' class='gform_hidden' name='gform_unique_id' value='' \/>\n            <input type='hidden' class='gform_hidden' name='state_3' value='WyJbXSIsIjU5NjQ4OGI3NjQ0N2RkMjgyYjcyY2Q1YzY5OWQyMjMwIl0=' \/>\n            <input type='hidden' class='gform_hidden' name='gform_target_page_number_3' id='gform_target_page_number_3' value='0' \/>\n            <input type='hidden' class='gform_hidden' name='gform_source_page_number_3' id='gform_source_page_number_3' value='1' \/>\n            <input type='hidden' name='gform_field_values' value='' \/>\n            \n        <\/div>\n                        <p style=\"display: none !important;\" class=\"akismet-fields-container\" data-prefix=\"ak_\"><label>&#916;<textarea name=\"ak_hp_textarea\" cols=\"45\" rows=\"8\" maxlength=\"100\"><\/textarea><\/label><input type=\"hidden\" id=\"ak_js_1\" name=\"ak_js\" value=\"199\"\/><script>document.getElementById( \"ak_js_1\" ).setAttribute( \"value\", ( new Date() ).getTime() );<\/script><\/p><\/form>\n                        <\/div>\n                <iframe style='display:none;width:0px;height:0px;' src='about:blank' name='gform_ajax_frame_3' id='gform_ajax_frame_3' title='This iframe contains the logic required to handle Ajax powered Gravity Forms.'><\/iframe>\n                <script type=\"text\/javascript\">\n\/* <![CDATA[ *\/\n gform.initializeOnLoaded( function() {gformInitSpinner( 3, 'https:\/\/mavacom.ee\/wp-content\/plugins\/gravityforms\/images\/spinner.svg' );jQuery('#gform_ajax_frame_3').on('load',function(){var contents = jQuery(this).contents().find('*').html();var is_postback = contents.indexOf('GF_AJAX_POSTBACK') >= 0;if(!is_postback){return;}var form_content = jQuery(this).contents().find('#gform_wrapper_3');var is_confirmation = jQuery(this).contents().find('#gform_confirmation_wrapper_3').length > 0;var is_redirect = contents.indexOf('gformRedirect(){') >= 0;var is_form = form_content.length > 0 && ! is_redirect && ! is_confirmation;var mt = parseInt(jQuery('html').css('margin-top'), 10) + parseInt(jQuery('body').css('margin-top'), 10) + 100;if(is_form){jQuery('#gform_wrapper_3').html(form_content.html());if(form_content.hasClass('gform_validation_error')){jQuery('#gform_wrapper_3').addClass('gform_validation_error');} else {jQuery('#gform_wrapper_3').removeClass('gform_validation_error');}setTimeout( function() { \/* delay the scroll by 50 milliseconds to fix a bug in chrome *\/ jQuery(document).scrollTop(jQuery('#gform_wrapper_3').offset().top - mt); }, 50 );if(window['gformInitDatepicker']) {gformInitDatepicker();}if(window['gformInitPriceFields']) {gformInitPriceFields();}var current_page = jQuery('#gform_source_page_number_3').val();gformInitSpinner( 3, 'https:\/\/mavacom.ee\/wp-content\/plugins\/gravityforms\/images\/spinner.svg' );jQuery(document).trigger('gform_page_loaded', [3, current_page]);window['gf_submitting_3'] = false;}else if(!is_redirect){var confirmation_content = jQuery(this).contents().find('.GF_AJAX_POSTBACK').html();if(!confirmation_content){confirmation_content = contents;}setTimeout(function(){jQuery('#gform_wrapper_3').replaceWith(confirmation_content);jQuery(document).scrollTop(jQuery('#gf_3').offset().top - mt);jQuery(document).trigger('gform_confirmation_loaded', [3]);window['gf_submitting_3'] = false;wp.a11y.speak(jQuery('#gform_confirmation_message_3').text());}, 50);}else{jQuery('#gform_3').append(contents);if(window['gformRedirect']) {gformRedirect();}}jQuery(document).trigger('gform_post_render', [3, current_page]);} );} ); \n\/* ]]> *\/\n<\/script>\n[\/vc_column][\/vc_row]<\/p>\n","protected":false},"excerpt":{"rendered":"<p>[vc_row css=&#8221;.vc_custom_1521614987755{padding-top: 35px !important;padding-right: 35px !important;padding-bottom: 35px !important;padding-left: 35px !important;}&#8221;][vc_column][\/vc_column][\/vc_row]<\/p>\n","protected":false},"author":2,"featured_media":0,"parent":0,"menu_order":0,"comment_status":"closed","ping_status":"closed","template":"template-page_fullwidth.php","meta":{"footnotes":""},"yoast_head":"<!-- This site is optimized with the Yoast SEO plugin v23.5 - https:\/\/yoast.com\/wordpress\/plugins\/seo\/ -->\n<title>Tarjouspyynt\u00f6 &#8226; Mavacom<\/title>\n<meta name=\"robots\" content=\"index, follow, max-snippet:-1, max-image-preview:large, max-video-preview:-1\" \/>\n<link rel=\"canonical\" href=\"https:\/\/mavacom.ee\/fi\/tarjouspyynto\/\" \/>\n<meta property=\"og:locale\" content=\"fi_FI\" \/>\n<meta property=\"og:type\" content=\"article\" \/>\n<meta property=\"og:title\" content=\"Tarjouspyynt\u00f6 &#8226; Mavacom\" \/>\n<meta property=\"og:description\" content=\"[vc_row css=&#8221;.vc_custom_1521614987755{padding-top: 35px !important;padding-right: 35px !important;padding-bottom: 35px !important;padding-left: 35px !important;}&#8221;][vc_column][\/vc_column][\/vc_row]\" \/>\n<meta property=\"og:url\" content=\"https:\/\/mavacom.ee\/fi\/tarjouspyynto\/\" \/>\n<meta property=\"og:site_name\" content=\"Mavacom\" \/>\n<meta property=\"article:modified_time\" content=\"2018-04-28T09:14:31+00:00\" \/>\n<meta name=\"twitter:card\" content=\"summary_large_image\" \/>\n<script type=\"application\/ld+json\" class=\"yoast-schema-graph\">{\"@context\":\"https:\/\/schema.org\",\"@graph\":[{\"@type\":\"WebPage\",\"@id\":\"https:\/\/mavacom.ee\/fi\/tarjouspyynto\/\",\"url\":\"https:\/\/mavacom.ee\/fi\/tarjouspyynto\/\",\"name\":\"Tarjouspyynt\u00f6 &#8226; Mavacom\",\"isPartOf\":{\"@id\":\"https:\/\/mavacom.ee\/fi\/#website\"},\"datePublished\":\"2018-03-21T06:33:01+00:00\",\"dateModified\":\"2018-04-28T09:14:31+00:00\",\"breadcrumb\":{\"@id\":\"https:\/\/mavacom.ee\/fi\/tarjouspyynto\/#breadcrumb\"},\"inLanguage\":\"fi\",\"potentialAction\":[{\"@type\":\"ReadAction\",\"target\":[\"https:\/\/mavacom.ee\/fi\/tarjouspyynto\/\"]}]},{\"@type\":\"BreadcrumbList\",\"@id\":\"https:\/\/mavacom.ee\/fi\/tarjouspyynto\/#breadcrumb\",\"itemListElement\":[{\"@type\":\"ListItem\",\"position\":1,\"name\":\"Home\",\"item\":\"https:\/\/mavacom.ee\/fi\/\"},{\"@type\":\"ListItem\",\"position\":2,\"name\":\"Tarjouspyynt\u00f6\"}]},{\"@type\":\"WebSite\",\"@id\":\"https:\/\/mavacom.ee\/fi\/#website\",\"url\":\"https:\/\/mavacom.ee\/fi\/\",\"name\":\"Mavacom\",\"description\":\"Kuller- ja veoteenused Tallinn-Helsingi-Tallinn\",\"publisher\":{\"@id\":\"https:\/\/mavacom.ee\/fi\/#organization\"},\"potentialAction\":[{\"@type\":\"SearchAction\",\"target\":{\"@type\":\"EntryPoint\",\"urlTemplate\":\"https:\/\/mavacom.ee\/fi\/?s={search_term_string}\"},\"query-input\":{\"@type\":\"PropertyValueSpecification\",\"valueRequired\":true,\"valueName\":\"search_term_string\"}}],\"inLanguage\":\"fi\"},{\"@type\":\"Organization\",\"@id\":\"https:\/\/mavacom.ee\/fi\/#organization\",\"name\":\"Mavacom O\u00dc\",\"url\":\"https:\/\/mavacom.ee\/fi\/\",\"logo\":{\"@type\":\"ImageObject\",\"inLanguage\":\"fi\",\"@id\":\"https:\/\/mavacom.ee\/fi\/#\/schema\/logo\/image\/\",\"url\":\"http:\/\/mavacom.ee\/wp-content\/uploads\/2017\/11\/mavacom-logo.png\",\"contentUrl\":\"http:\/\/mavacom.ee\/wp-content\/uploads\/2017\/11\/mavacom-logo.png\",\"width\":308,\"height\":75,\"caption\":\"Mavacom O\u00dc\"},\"image\":{\"@id\":\"https:\/\/mavacom.ee\/fi\/#\/schema\/logo\/image\/\"}}]}<\/script>\n<!-- \/ Yoast SEO plugin. -->","yoast_head_json":{"title":"Tarjouspyynt\u00f6 &#8226; Mavacom","robots":{"index":"index","follow":"follow","max-snippet":"max-snippet:-1","max-image-preview":"max-image-preview:large","max-video-preview":"max-video-preview:-1"},"canonical":"https:\/\/mavacom.ee\/fi\/tarjouspyynto\/","og_locale":"fi_FI","og_type":"article","og_title":"Tarjouspyynt\u00f6 &#8226; Mavacom","og_description":"[vc_row css=&#8221;.vc_custom_1521614987755{padding-top: 35px !important;padding-right: 35px !important;padding-bottom: 35px !important;padding-left: 35px !important;}&#8221;][vc_column][\/vc_column][\/vc_row]","og_url":"https:\/\/mavacom.ee\/fi\/tarjouspyynto\/","og_site_name":"Mavacom","article_modified_time":"2018-04-28T09:14:31+00:00","twitter_card":"summary_large_image","schema":{"@context":"https:\/\/schema.org","@graph":[{"@type":"WebPage","@id":"https:\/\/mavacom.ee\/fi\/tarjouspyynto\/","url":"https:\/\/mavacom.ee\/fi\/tarjouspyynto\/","name":"Tarjouspyynt\u00f6 &#8226; Mavacom","isPartOf":{"@id":"https:\/\/mavacom.ee\/fi\/#website"},"datePublished":"2018-03-21T06:33:01+00:00","dateModified":"2018-04-28T09:14:31+00:00","breadcrumb":{"@id":"https:\/\/mavacom.ee\/fi\/tarjouspyynto\/#breadcrumb"},"inLanguage":"fi","potentialAction":[{"@type":"ReadAction","target":["https:\/\/mavacom.ee\/fi\/tarjouspyynto\/"]}]},{"@type":"BreadcrumbList","@id":"https:\/\/mavacom.ee\/fi\/tarjouspyynto\/#breadcrumb","itemListElement":[{"@type":"ListItem","position":1,"name":"Home","item":"https:\/\/mavacom.ee\/fi\/"},{"@type":"ListItem","position":2,"name":"Tarjouspyynt\u00f6"}]},{"@type":"WebSite","@id":"https:\/\/mavacom.ee\/fi\/#website","url":"https:\/\/mavacom.ee\/fi\/","name":"Mavacom","description":"Kuller- ja veoteenused Tallinn-Helsingi-Tallinn","publisher":{"@id":"https:\/\/mavacom.ee\/fi\/#organization"},"potentialAction":[{"@type":"SearchAction","target":{"@type":"EntryPoint","urlTemplate":"https:\/\/mavacom.ee\/fi\/?s={search_term_string}"},"query-input":{"@type":"PropertyValueSpecification","valueRequired":true,"valueName":"search_term_string"}}],"inLanguage":"fi"},{"@type":"Organization","@id":"https:\/\/mavacom.ee\/fi\/#organization","name":"Mavacom O\u00dc","url":"https:\/\/mavacom.ee\/fi\/","logo":{"@type":"ImageObject","inLanguage":"fi","@id":"https:\/\/mavacom.ee\/fi\/#\/schema\/logo\/image\/","url":"http:\/\/mavacom.ee\/wp-content\/uploads\/2017\/11\/mavacom-logo.png","contentUrl":"http:\/\/mavacom.ee\/wp-content\/uploads\/2017\/11\/mavacom-logo.png","width":308,"height":75,"caption":"Mavacom O\u00dc"},"image":{"@id":"https:\/\/mavacom.ee\/fi\/#\/schema\/logo\/image\/"}}]}},"_links":{"self":[{"href":"https:\/\/mavacom.ee\/fi\/wp-json\/wp\/v2\/pages\/477"}],"collection":[{"href":"https:\/\/mavacom.ee\/fi\/wp-json\/wp\/v2\/pages"}],"about":[{"href":"https:\/\/mavacom.ee\/fi\/wp-json\/wp\/v2\/types\/page"}],"author":[{"embeddable":true,"href":"https:\/\/mavacom.ee\/fi\/wp-json\/wp\/v2\/users\/2"}],"replies":[{"embeddable":true,"href":"https:\/\/mavacom.ee\/fi\/wp-json\/wp\/v2\/comments?post=477"}],"version-history":[{"count":2,"href":"https:\/\/mavacom.ee\/fi\/wp-json\/wp\/v2\/pages\/477\/revisions"}],"predecessor-version":[{"id":588,"href":"https:\/\/mavacom.ee\/fi\/wp-json\/wp\/v2\/pages\/477\/revisions\/588"}],"wp:attachment":[{"href":"https:\/\/mavacom.ee\/fi\/wp-json\/wp\/v2\/media?parent=477"}],"curies":[{"name":"wp","href":"https:\/\/api.w.org\/{rel}","templated":true}]}}